{"id":689,"date":"2024-08-26T10:38:23","date_gmt":"2024-08-26T08:38:23","guid":{"rendered":"https:\/\/www.five-inch.com\/wp\/?page_id=689"},"modified":"2024-10-20T08:28:37","modified_gmt":"2024-10-20T06:28:37","slug":"prises-mix-mastering","status":"publish","type":"page","link":"https:\/\/www.five-inch.com\/?page_id=689","title":{"rendered":"Prises, mix, mastering"},"content":{"rendered":"\n<p>Enregistrement jusqu\u2019\u00e0 32 pistes simultan\u00e9es, mixage hybride analogique\/num\u00e9rique, enregistrement mobile, post-production, le studio offre de nombreuses possibilit\u00e9s pour la r\u00e9alisation compl\u00e8te ou partielle de projets audio. Au clic ou non, en live ou en \u00ab rere \u00bb, nous n\u2019avons pas de r\u00e8gles, seulement le confort de travail pour les artistes.<\/p>\n\n\n\n<p>Mixage et mastering hybride analog\/digital.<\/p>\n","protected":false},"excerpt":{"rendered":"<p>Enregistrement jusqu\u2019\u00e0 32 pistes simultan\u00e9es, mixage hybride analogique\/num\u00e9rique, enregistrement mobile, post-production, le studio offre de nombreuses possibilit\u00e9s pour la r\u00e9alisation compl\u00e8te ou partielle de projets audio. Au clic ou non, en live ou en \u00ab rere \u00bb, nous n\u2019avons pas de r\u00e8gles, seulement le confort de travail pour les artistes. Mixage et mastering hybride analog\/digital.<\/p>\n","protected":false},"author":1,"featured_media":0,"parent":125,"menu_order":0,"comment_status":"closed","ping_status":"closed","template":"","meta":{"footnotes":""},"class_list":["post-689","page","type-page","status-publish","hentry","post-preview"],"_links":{"self":[{"href":"https:\/\/www.five-inch.com\/index.php?rest_route=\/wp\/v2\/pages\/689","targetHints":{"allow":["GET"]}}],"collection":[{"href":"https:\/\/www.five-inch.com\/index.php?rest_route=\/wp\/v2\/pages"}],"about":[{"href":"https:\/\/www.five-inch.com\/index.php?rest_route=\/wp\/v2\/types\/page"}],"author":[{"embeddable":true,"href":"https:\/\/www.five-inch.com\/index.php?rest_route=\/wp\/v2\/users\/1"}],"replies":[{"embeddable":true,"href":"https:\/\/www.five-inch.com\/index.php?rest_route=%2Fwp%2Fv2%2Fcomments&post=689"}],"version-history":[{"count":3,"href":"https:\/\/www.five-inch.com\/index.php?rest_route=\/wp\/v2\/pages\/689\/revisions"}],"predecessor-version":[{"id":736,"href":"https:\/\/www.five-inch.com\/index.php?rest_route=\/wp\/v2\/pages\/689\/revisions\/736"}],"up":[{"embeddable":true,"href":"https:\/\/www.five-inch.com\/index.php?rest_route=\/wp\/v2\/pages\/125"}],"wp:attachment":[{"href":"https:\/\/www.five-inch.com\/index.php?rest_route=%2Fwp%2Fv2%2Fmedia&parent=689"}],"curies":[{"name":"wp","href":"https:\/\/api.w.org\/{rel}","templated":true}]}}