{"id":16,"date":"2014-02-21T19:58:36","date_gmt":"2014-02-21T18:58:36","guid":{"rendered":"http:\/\/www.five-inch.com\/wordpress\/?page_id=16"},"modified":"2014-02-21T19:58:36","modified_gmt":"2014-02-21T18:58:36","slug":"contact","status":"publish","type":"page","link":"https:\/\/www.five-inch.com\/?page_id=16","title":{"rendered":"Contact"},"content":{"rendered":"<p>Pour tous renseignements : contact[a]five-inch[dot]com<\/p>\n<p>Le studio Five-Inch est un studio associatif. Il a pour objet l&rsquo;aide \u00e0 la cr\u00e9ation musicale, en favorisant la mise en relation des individualit\u00e9s artistiques et techniques, la mutualisation des connaissances et comp\u00e9tences de ses membres et adh\u00e9rents (notamment par la formation aux techniques de travail du son), en vue de produire et de r\u00e9aliser des enregistrements sonores.<\/p>\n","protected":false},"excerpt":{"rendered":"<p>Pour tous renseignements : contact[a]five-inch[dot]com Le studio Five-Inch est un studio associatif. Il a pour objet l&rsquo;aide \u00e0 la cr\u00e9ation musicale, en favorisant la mise en relation des individualit\u00e9s artistiques et techniques, la mutualisation des connaissances et comp\u00e9tences de ses membres et adh\u00e9rents (notamment par la formation aux techniques de travail du son), en vue [&hellip;]<\/p>\n","protected":false},"author":1,"featured_media":0,"parent":0,"menu_order":0,"comment_status":"closed","ping_status":"open","template":"","meta":{"footnotes":""},"class_list":["post-16","page","type-page","status-publish","hentry","post-preview"],"_links":{"self":[{"href":"https:\/\/www.five-inch.com\/index.php?rest_route=\/wp\/v2\/pages\/16","targetHints":{"allow":["GET"]}}],"collection":[{"href":"https:\/\/www.five-inch.com\/index.php?rest_route=\/wp\/v2\/pages"}],"about":[{"href":"https:\/\/www.five-inch.com\/index.php?rest_route=\/wp\/v2\/types\/page"}],"author":[{"embeddable":true,"href":"https:\/\/www.five-inch.com\/index.php?rest_route=\/wp\/v2\/users\/1"}],"replies":[{"embeddable":true,"href":"https:\/\/www.five-inch.com\/index.php?rest_route=%2Fwp%2Fv2%2Fcomments&post=16"}],"version-history":[{"count":0,"href":"https:\/\/www.five-inch.com\/index.php?rest_route=\/wp\/v2\/pages\/16\/revisions"}],"wp:attachment":[{"href":"https:\/\/www.five-inch.com\/index.php?rest_route=%2Fwp%2Fv2%2Fmedia&parent=16"}],"curies":[{"name":"wp","href":"https:\/\/api.w.org\/{rel}","templated":true}]}}