{"id":13,"date":"2014-02-21T17:12:59","date_gmt":"2014-02-21T17:12:59","guid":{"rendered":"http:\/\/www.five-inch.com\/wordpress\/?page_id=2"},"modified":"2024-10-20T08:27:02","modified_gmt":"2024-10-20T06:27:02","slug":"page-d-exemple-2","status":"publish","type":"page","link":"https:\/\/www.five-inch.com\/","title":{"rendered":"Accueil"},"content":{"rendered":"\n<p>Bienvenue sur le site du Studio Five-Inch.<\/p>\n\n\n<div class=\"wp-block-image\">\n<figure class=\"alignleft is-resized\"><img loading=\"lazy\" decoding=\"async\" width=\"268\" height=\"300\" src=\"https:\/\/www.five-inch.com\/wp\/wp-content\/uploads\/logo5inch_ok_transparent_300dpi_1250x1400-268x300.png\" alt=\"\" class=\"wp-image-660\" style=\"width:150px;height:auto\" srcset=\"https:\/\/www.five-inch.com\/wp\/wp-content\/uploads\/logo5inch_ok_transparent_300dpi_1250x1400-268x300.png 268w, https:\/\/www.five-inch.com\/wp\/wp-content\/uploads\/logo5inch_ok_transparent_300dpi_1250x1400-914x1024.png 914w, https:\/\/www.five-inch.com\/wp\/wp-content\/uploads\/logo5inch_ok_transparent_300dpi_1250x1400-768x860.png 768w, https:\/\/www.five-inch.com\/wp\/wp-content\/uploads\/logo5inch_ok_transparent_300dpi_1250x1400-676x757.png 676w, https:\/\/www.five-inch.com\/wp\/wp-content\/uploads\/logo5inch_ok_transparent_300dpi_1250x1400.png 1250w\" sizes=\"auto, (max-width: 268px) 100vw, 268px\" \/><\/figure>\n<\/div>\n\n\n<p>Situ\u00e9 dans le centre ville Caen, le studio Five-Inch se compose d&rsquo;une r\u00e9gie de 40m2 et d&rsquo;un plateau de 60 m2 permettant d\u2019enregistrer, mixer, masteriser tout types de projets musicaux, de r\u00e9aliser des cr\u00e9ations sonores pour la sc\u00e8ne ou pour l\u2019image, avec des techniciens d\u2019exp\u00e9rience et du mat\u00e9riel professionnel. <\/p>\n\n\n\n<p><\/p>\n","protected":false},"excerpt":{"rendered":"<p>Bienvenue sur le site du Studio Five-Inch. Situ\u00e9 dans le centre ville Caen, le studio Five-Inch se compose d&rsquo;une r\u00e9gie de 40m2 et d&rsquo;un plateau de 60 m2 permettant d\u2019enregistrer, mixer, masteriser tout types de projets musicaux, de r\u00e9aliser des cr\u00e9ations sonores pour la sc\u00e8ne ou pour l\u2019image, avec des techniciens d\u2019exp\u00e9rience et du mat\u00e9riel [&hellip;]<\/p>\n","protected":false},"author":1,"featured_media":0,"parent":0,"menu_order":0,"comment_status":"closed","ping_status":"open","template":"","meta":{"footnotes":""},"class_list":["post-13","page","type-page","status-publish","hentry","post-preview"],"_links":{"self":[{"href":"https:\/\/www.five-inch.com\/index.php?rest_route=\/wp\/v2\/pages\/13","targetHints":{"allow":["GET"]}}],"collection":[{"href":"https:\/\/www.five-inch.com\/index.php?rest_route=\/wp\/v2\/pages"}],"about":[{"href":"https:\/\/www.five-inch.com\/index.php?rest_route=\/wp\/v2\/types\/page"}],"author":[{"embeddable":true,"href":"https:\/\/www.five-inch.com\/index.php?rest_route=\/wp\/v2\/users\/1"}],"replies":[{"embeddable":true,"href":"https:\/\/www.five-inch.com\/index.php?rest_route=%2Fwp%2Fv2%2Fcomments&post=13"}],"version-history":[{"count":8,"href":"https:\/\/www.five-inch.com\/index.php?rest_route=\/wp\/v2\/pages\/13\/revisions"}],"predecessor-version":[{"id":734,"href":"https:\/\/www.five-inch.com\/index.php?rest_route=\/wp\/v2\/pages\/13\/revisions\/734"}],"wp:attachment":[{"href":"https:\/\/www.five-inch.com\/index.php?rest_route=%2Fwp%2Fv2%2Fmedia&parent=13"}],"curies":[{"name":"wp","href":"https:\/\/api.w.org\/{rel}","templated":true}]}}