{"id":129,"date":"2014-03-02T11:41:28","date_gmt":"2014-03-02T10:41:28","guid":{"rendered":"http:\/\/www.five-inch.com\/wordpress\/?page_id=129"},"modified":"2024-08-26T10:37:25","modified_gmt":"2024-08-26T08:37:25","slug":"musique-classique","status":"publish","type":"page","link":"https:\/\/www.five-inch.com\/?page_id=129","title":{"rendered":"Captation acoustique"},"content":{"rendered":"<p><img loading=\"lazy\" decoding=\"async\" class=\"alignleft size-medium wp-image-157\" alt=\"Classique\" src=\"http:\/\/www.five-inch.com\/wordpress\/wp-content\/uploads\/2014\/03\/classic_mic-300x200.jpg\" width=\"300\" height=\"200\" \/>\u00c9voluant depuis plusieurs ann\u00e9es dans l&rsquo;univers des musiques classiques et acoustiques, le studio Five-Inch a d\u00e9velopp\u00e9 un savoir-faire technique professionnel et discret, tout \u00e0 fait compatible avec une repr\u00e9sentation publique. Quelque soit son effectif (orchestral, ensemble de chambre, choral,\u00a0 etc.) et son esth\u00e9tique, nous pouvons capter le rendu d&rsquo;une \u0153uvre musicale en accord avec votre interpr\u00e9tation.<\/p>\n","protected":false},"excerpt":{"rendered":"<p>\u00c9voluant depuis plusieurs ann\u00e9es dans l&rsquo;univers des musiques classiques et acoustiques, le studio Five-Inch a d\u00e9velopp\u00e9 un savoir-faire technique professionnel et discret, tout \u00e0 fait compatible avec une repr\u00e9sentation publique. Quelque soit son effectif (orchestral, ensemble de chambre, choral,\u00a0 etc.) et son esth\u00e9tique, nous pouvons capter le rendu d&rsquo;une \u0153uvre musicale en accord avec votre [&hellip;]<\/p>\n","protected":false},"author":1,"featured_media":0,"parent":125,"menu_order":2,"comment_status":"closed","ping_status":"closed","template":"","meta":{"footnotes":""},"class_list":["post-129","page","type-page","status-publish","hentry","post-preview"],"_links":{"self":[{"href":"https:\/\/www.five-inch.com\/index.php?rest_route=\/wp\/v2\/pages\/129","targetHints":{"allow":["GET"]}}],"collection":[{"href":"https:\/\/www.five-inch.com\/index.php?rest_route=\/wp\/v2\/pages"}],"about":[{"href":"https:\/\/www.five-inch.com\/index.php?rest_route=\/wp\/v2\/types\/page"}],"author":[{"embeddable":true,"href":"https:\/\/www.five-inch.com\/index.php?rest_route=\/wp\/v2\/users\/1"}],"replies":[{"embeddable":true,"href":"https:\/\/www.five-inch.com\/index.php?rest_route=%2Fwp%2Fv2%2Fcomments&post=129"}],"version-history":[{"count":1,"href":"https:\/\/www.five-inch.com\/index.php?rest_route=\/wp\/v2\/pages\/129\/revisions"}],"predecessor-version":[{"id":687,"href":"https:\/\/www.five-inch.com\/index.php?rest_route=\/wp\/v2\/pages\/129\/revisions\/687"}],"up":[{"embeddable":true,"href":"https:\/\/www.five-inch.com\/index.php?rest_route=\/wp\/v2\/pages\/125"}],"wp:attachment":[{"href":"https:\/\/www.five-inch.com\/index.php?rest_route=%2Fwp%2Fv2%2Fmedia&parent=129"}],"curies":[{"name":"wp","href":"https:\/\/api.w.org\/{rel}","templated":true}]}}