{"id":125,"date":"2014-03-02T11:39:23","date_gmt":"2014-03-02T10:39:23","guid":{"rendered":"http:\/\/www.five-inch.com\/wordpress\/?page_id=125"},"modified":"2024-08-26T11:13:32","modified_gmt":"2024-08-26T09:13:32","slug":"le-studio","status":"publish","type":"page","link":"https:\/\/www.five-inch.com\/?page_id=125","title":{"rendered":"Le Studio"},"content":{"rendered":"\n<figure class=\"wp-block-image size-large is-resized\"><img loading=\"lazy\" decoding=\"async\" width=\"1024\" height=\"768\" src=\"https:\/\/www.five-inch.com\/wp\/wp-content\/uploads\/Regie0824-1024x768.jpg\" alt=\"\" class=\"wp-image-701\" style=\"width:652px;height:auto\" srcset=\"https:\/\/www.five-inch.com\/wp\/wp-content\/uploads\/Regie0824-1024x768.jpg 1024w, https:\/\/www.five-inch.com\/wp\/wp-content\/uploads\/Regie0824-300x225.jpg 300w, https:\/\/www.five-inch.com\/wp\/wp-content\/uploads\/Regie0824-768x576.jpg 768w, https:\/\/www.five-inch.com\/wp\/wp-content\/uploads\/Regie0824-1536x1152.jpg 1536w, https:\/\/www.five-inch.com\/wp\/wp-content\/uploads\/Regie0824-2048x1536.jpg 2048w, https:\/\/www.five-inch.com\/wp\/wp-content\/uploads\/Regie0824-676x507.jpg 676w\" sizes=\"auto, (max-width: 1024px) 100vw, 1024px\" \/><\/figure>\n\n\n\n<div class=\"wp-block-group is-nowrap is-layout-flex wp-container-core-group-is-layout-ad2f72ca wp-block-group-is-layout-flex\">\n<p>Situ\u00e9 dans Caen, le studio Five-Inch poss\u00e8de deux r\u00e9gies, un plateau de 50 m2, un espace de vie, permettant ainsi d&rsquo;enregistrer, mixer, masteriser tout types de projets musicaux, de r\u00e9aliser des cr\u00e9ations sonores pour la sc\u00e8ne ou pour l&rsquo;image, avec des techniciens d&rsquo;exp\u00e9rience et du mat\u00e9riel professionnel. Enregistrement jusqu&rsquo;\u00e0 32 pistes simultan\u00e9es, mixage analogique et\/ou num\u00e9rique, enregistrement mobile, post-production, le studio offre de nombreuses possibilit\u00e9s pour la r\u00e9alisation compl\u00e8te ou partielle de projets audio. Au clic ou non, en live ou en \u00ab\u00a0rere\u00a0\u00bb, nous n&rsquo;avons pas de r\u00e8gles, seulement le confort de travail pour les artistes.<\/p>\n<\/div>\n\n\n\n<p><a href=\"https:\/\/www.five-inch.com\/wp\/?page_id=689\" data-type=\"page\" data-id=\"689\">Prises, mix, mastering<\/a><\/p>\n\n\n\n<p><a href=\"https:\/\/www.five-inch.com\/wp\/?page_id=129\" data-type=\"page\" data-id=\"129\">Captation acoustique<\/a><\/p>\n\n\n\n<p><a href=\"https:\/\/www.five-inch.com\/wp\/?page_id=691\" data-type=\"page\" data-id=\"691\">Post-production audiovisuelle<\/a><\/p>\n\n\n\n<p><a href=\"https:\/\/www.five-inch.com\/wp\/?page_id=281\" data-type=\"page\" data-id=\"281\">Formations<\/a><\/p>\n\n\n\n<p><\/p>\n","protected":false},"excerpt":{"rendered":"<p>Situ\u00e9 dans Caen, le studio Five-Inch poss\u00e8de deux r\u00e9gies, un plateau de 50 m2, un espace de vie, permettant ainsi d&rsquo;enregistrer, mixer, masteriser tout types de projets musicaux, de r\u00e9aliser des cr\u00e9ations sonores pour la sc\u00e8ne ou pour l&rsquo;image, avec des techniciens d&rsquo;exp\u00e9rience et du mat\u00e9riel professionnel. Enregistrement jusqu&rsquo;\u00e0 32 pistes simultan\u00e9es, mixage analogique et\/ou [&hellip;]<\/p>\n","protected":false},"author":1,"featured_media":0,"parent":0,"menu_order":0,"comment_status":"closed","ping_status":"closed","template":"","meta":{"footnotes":""},"class_list":["post-125","page","type-page","status-publish","hentry","post-preview"],"_links":{"self":[{"href":"https:\/\/www.five-inch.com\/index.php?rest_route=\/wp\/v2\/pages\/125","targetHints":{"allow":["GET"]}}],"collection":[{"href":"https:\/\/www.five-inch.com\/index.php?rest_route=\/wp\/v2\/pages"}],"about":[{"href":"https:\/\/www.five-inch.com\/index.php?rest_route=\/wp\/v2\/types\/page"}],"author":[{"embeddable":true,"href":"https:\/\/www.five-inch.com\/index.php?rest_route=\/wp\/v2\/users\/1"}],"replies":[{"embeddable":true,"href":"https:\/\/www.five-inch.com\/index.php?rest_route=%2Fwp%2Fv2%2Fcomments&post=125"}],"version-history":[{"count":4,"href":"https:\/\/www.five-inch.com\/index.php?rest_route=\/wp\/v2\/pages\/125\/revisions"}],"predecessor-version":[{"id":703,"href":"https:\/\/www.five-inch.com\/index.php?rest_route=\/wp\/v2\/pages\/125\/revisions\/703"}],"wp:attachment":[{"href":"https:\/\/www.five-inch.com\/index.php?rest_route=%2Fwp%2Fv2%2Fmedia&parent=125"}],"curies":[{"name":"wp","href":"https:\/\/api.w.org\/{rel}","templated":true}]}}